{"id":98,"date":"2017-05-28T17:38:27","date_gmt":"2017-05-28T15:38:27","guid":{"rendered":"http:\/\/energity.bzh\/?page_id=98"},"modified":"2021-02-13T10:57:37","modified_gmt":"2021-02-13T09:57:37","slug":"quest-ce-lenergie","status":"publish","type":"page","link":"http:\/\/energity.bzh\/index.php\/quest-ce-lenergie\/","title":{"rendered":"Qu&rsquo;est-ce l&rsquo;\u00e9nergie ?"},"content":{"rendered":"<p>Autour de nous toutes les choses <strong>bougent<\/strong> et se <strong>transforment<\/strong> : le soleil, la lune, la mer, les fleurs, les animaux, les smartphones, les abeilles, les \u00eatre humains, le caf\u00e9 chaud dans votre tasse, notre corps&#8230;.<\/p>\n<p>Or en bougeant et en se transformant il y a une <strong>quantit\u00e9 que l&rsquo;on peut mesurer. Cette quantit\u00e9 <\/strong>est ce l&rsquo;on appelle <strong>l&rsquo;\u00e9nergie<\/strong>.<\/p>\n<p>L&rsquo;\u00e9nergie qui intervient en nous et autour de nous chaque seconde provient du big bang <strong>depuis 13,8 milliards d&rsquo;ann\u00e9es : <\/strong>la formation de l&rsquo;Univers.<\/p>\n<figure id=\"attachment_181\" aria-describedby=\"caption-attachment-181\" style=\"width: 327px\" class=\"wp-caption aligncenter\"><img loading=\"lazy\" decoding=\"async\" class=\"wp-image-181\" src=\"http:\/\/energity.bzh\/wp-content\/uploads\/2017\/05\/cycle-energie-300x289.png\" alt=\"Cycle couleur\" width=\"337\" height=\"325\" srcset=\"http:\/\/energity.bzh\/wp-content\/uploads\/2017\/05\/cycle-energie-300x289.png 300w, http:\/\/energity.bzh\/wp-content\/uploads\/2017\/05\/cycle-energie.png 600w\" sizes=\"auto, (max-width: 337px) 100vw, 337px\" \/><figcaption id=\"caption-attachment-181\" class=\"wp-caption-text\">Cycle de la Nature<\/figcaption><\/figure>\n<blockquote><p>L\u2019\u00e9nergie est ce qui quantifie la transformation du monde<\/p>\n<p>L&rsquo;\u00e9nergie c&rsquo;est la capacit\u00e9 \u00e0 transformer le monde<\/p>\n<p>L\u2019\u00e9nergie est soumise \u00e0 des lois physique<\/p>\n<p>D\u00e8s qu\u2019il y a une transformation il y a de l\u2019\u00e9nergie qui entre en jeu<\/p>\n<p>D\u00e8s que vous \u00eates capable de mobiliser de l\u2019\u00e9nergie vous \u00eates capable d\u2019influencer sur votre destin<\/p>\n<p><strong>Jean-Marc Jancovici<\/strong><\/p><\/blockquote>\n<p><strong>L&rsquo;\u00e9nergie ne peut \u00eatre ni cr\u00e9\u00e9e ni d\u00e9truite !<\/strong> C&rsquo;est le premier principe de la thermodynamique : la conservation de l&rsquo;\u00e9nergie.<\/p>\n<ul>\n<li><strong>\u00ab Rien ne se perd, rien de se cr\u00e9e tout se transforme \u00bb<\/strong><\/li>\n<\/ul>\n<p>Cette \u00e9nonc\u00e9 est attribu\u00e9e \u00e0 <strong>Lavoisier<\/strong> (XVIII si\u00e8cle) est semble-t-il la paraphrase du philosophe grec <strong>Anaxagore<\/strong> (-500) :<\/p>\n<ul>\n<li><strong>\u00ab Rien ne na\u00eet ni ne p\u00e9rit, mais des choses d\u00e9j\u00e0 existantes se combinent, puis se s\u00e9parent de nouveau \u00bb<\/strong><\/li>\n<\/ul>\n<p>En grecque ancien :<\/p>\n<ul>\n<li><span class=\"lang-grc\" lang=\"grc\">\u00ab\u00a0force en action\u00a0\u00bb = \u1f10\u03bd\u03ad\u03c1\u03b3\u03b5\u03b9\u03b1<\/span> \/ <span class=\"lang-grc-latn\" lang=\"grc-latn\"><i>en\u00e9rgeia<\/i><\/span><br \/>\n<strong>Aristote<\/strong> (-384 \u00e0 &#8211; 322) a utilis\u00e9 ce terme \u00ab au sens strict d&rsquo;op\u00e9ration parfaite \u00bb<\/li>\n<\/ul>\n<p>Le <strong>Newton<\/strong> est l&rsquo;unit\u00e9 de mesure de la force.<br \/>\n<strong>1 Newton<\/strong> est la force capable de communiquer \u00e0 une <strong>masse de 1 kg<\/strong> une <strong>acc\u00e9l\u00e9ration de 1 m \/ s\u00b2<\/strong><br \/>\n<strong>1 N = 1 kg . m \/ s\u00b2<\/strong><\/p>\n<p>Le <strong>Joule<\/strong> est l&rsquo;unit\u00e9 de mesure de l&rsquo;\u00e9nergie.<br \/>\n<strong>1 Joule<\/strong> est le travail d&rsquo;une force motrice d&rsquo;<strong>1 Newton<\/strong> dont le point d&rsquo;application se d\u00e9place <strong>d&rsquo;1 m\u00e8tre<\/strong><br \/>\n<strong>1 J = 1 N.m = 1 kg.m\u00b2 \/ s\u00b2<\/strong><\/p>\n<p>\u00c9quivalences :<br \/>\nUn <strong>kilojoule<\/strong> vaut 238,85 calories, et une calorie vaut 180 \/ 43 joule soit 4,1868 joules<br \/>\nUn <strong>watt-heure<\/strong> vaut <strong>3 600 joules<\/strong>, et un <strong>kilowatt-heure<\/strong> vaut <strong>3 600 kilojoules<\/strong>.<\/p>\n<p>Et la c\u00e9l\u00e8bre formule d&rsquo;Einstein <strong>E = Mc\u00b2<\/strong> , que repr\u00e9sente-t-elle ?<\/p>\n<ul>\n<li>E : \u00e9nergie<\/li>\n<li>M : masse<\/li>\n<li>c : vitesse de la lumi\u00e8re<\/li>\n<\/ul>\n<p>Signifie que la mati\u00e8re (masse) c&rsquo;est de l&rsquo;\u00e9nergie ! Et que l&rsquo;\u00e9nergie peut \u00eatre transform\u00e9 en mati\u00e8re !<\/p>\n<p>Cette formule permet de calculer l&rsquo;\u00e9nergie qui r\u00e9sulte de la <strong>fission<\/strong> des noyaux atomiques <strong>dans une centrale nucl\u00e9aire<\/strong> et aussi pour calculer l&rsquo;\u00e9nergie r\u00e9sultant de la <strong>fusion<\/strong> nucl\u00e9aire qui op\u00e8re au centre de notre \u00e9toile, notre source d&rsquo;\u00e9nergie N\u00b01 qu&rsquo;est le <strong>SOLEIL<\/strong> !<\/p>\n<p><strong>Fission nucl\u00e9aire<\/strong> = casser le noyau d&rsquo;un atome<br \/>\n<strong>Fusion nucl\u00e9aire<\/strong> = fusionner deux noyaux d&rsquo;atomes<\/p>\n<p><strong>L&rsquo;\u00e9nergie nucl\u00e9aire<\/strong> est fascinante car dans quelques grammes de mati\u00e8re il y a potentiellement une \u00e9norme quantit\u00e9 d&rsquo;\u00e9nergie.<\/p>\n<p><strong>Depuis 150 ans : notre civilisation est une civilisation du p\u00e9trole<\/strong><\/p>\n<p><img loading=\"lazy\" decoding=\"async\" class=\"aligncenter wp-image-875 size-large\" src=\"http:\/\/energity.bzh\/wp-content\/uploads\/2018\/12\/pic-p\u00e9trolier-1024x576.png\" alt=\"\" width=\"1024\" height=\"576\" srcset=\"http:\/\/energity.bzh\/wp-content\/uploads\/2018\/12\/pic-p\u00e9trolier-1024x576.png 1024w, http:\/\/energity.bzh\/wp-content\/uploads\/2018\/12\/pic-p\u00e9trolier-300x169.png 300w, http:\/\/energity.bzh\/wp-content\/uploads\/2018\/12\/pic-p\u00e9trolier-768x432.png 768w, http:\/\/energity.bzh\/wp-content\/uploads\/2018\/12\/pic-p\u00e9trolier.png 1366w\" sizes=\"auto, (max-width: 1024px) 100vw, 1024px\" \/><\/p>\n<p><strong>Depuis 5 g\u00e9n\u00e9rations nous sommes les enfants du p\u00e9trole.<\/strong><br \/>\nPour extraire l&rsquo;\u00e9nergie du sol nous d\u00e9pendons du p\u00e9trole m\u00eame pour le nucl\u00e9aire, m\u00eame les \u00e9nergies renouvelables : ne serait-ce que pour extraire du sol l&rsquo;uranium ou les terres rares il faut utiliser des machines (foreuses, camions,&#8230;) qui tournent au p\u00e9trole&#8230;<br \/>\n\u00ab\u00a0<em>Mais \u00e7a va t&rsquo;inqui\u00e8tes, on a du p\u00e9trole encore pour longtemps\u00a0\u00bb<\/em> dans ce cas c&rsquo;est le chaos climatique d&rsquo;ici dans 50 ou 100 ans&#8230; Ou\/et la pollution g\u00e9n\u00e9ralis\u00e9 et l&rsquo;effondrement de l&rsquo;\u00e9cosyst\u00e8me Terre&#8230;<\/p>\n","protected":false},"excerpt":{"rendered":"<p>Autour de nous toutes les choses bougent et se transforment : le soleil, la lune, la mer, les fleurs, les animaux, les smartphones, les abeilles, les \u00eatre humains, le caf\u00e9 chaud dans votre tasse, notre corps&#8230;. Or en bougeant et en se transformant il y a une quantit\u00e9 que l&rsquo;on peut mesurer. Cette quantit\u00e9 est &#8230; <a title=\"Qu&rsquo;est-ce l&rsquo;\u00e9nergie ?\" class=\"read-more\" href=\"http:\/\/energity.bzh\/index.php\/quest-ce-lenergie\/\" aria-label=\"En savoir plus sur Qu&rsquo;est-ce l&rsquo;\u00e9nergie ?\">Lire la suite<\/a><\/p>\n","protected":false},"author":2,"featured_media":0,"parent":0,"menu_order":0,"comment_status":"closed","ping_status":"closed","template":"","meta":{"footnotes":""},"class_list":["post-98","page","type-page","status-publish"],"_links":{"self":[{"href":"http:\/\/energity.bzh\/index.php\/wp-json\/wp\/v2\/pages\/98","targetHints":{"allow":["GET"]}}],"collection":[{"href":"http:\/\/energity.bzh\/index.php\/wp-json\/wp\/v2\/pages"}],"about":[{"href":"http:\/\/energity.bzh\/index.php\/wp-json\/wp\/v2\/types\/page"}],"author":[{"embeddable":true,"href":"http:\/\/energity.bzh\/index.php\/wp-json\/wp\/v2\/users\/2"}],"replies":[{"embeddable":true,"href":"http:\/\/energity.bzh\/index.php\/wp-json\/wp\/v2\/comments?post=98"}],"version-history":[{"count":41,"href":"http:\/\/energity.bzh\/index.php\/wp-json\/wp\/v2\/pages\/98\/revisions"}],"predecessor-version":[{"id":1434,"href":"http:\/\/energity.bzh\/index.php\/wp-json\/wp\/v2\/pages\/98\/revisions\/1434"}],"wp:attachment":[{"href":"http:\/\/energity.bzh\/index.php\/wp-json\/wp\/v2\/media?parent=98"}],"curies":[{"name":"wp","href":"https:\/\/api.w.org\/{rel}","templated":true}]}}