{"id":85,"date":"2017-05-28T17:17:25","date_gmt":"2017-05-28T15:17:25","guid":{"rendered":"http:\/\/energity.bzh\/?page_id=85"},"modified":"2021-02-13T11:26:40","modified_gmt":"2021-02-13T10:26:40","slug":"pourquoi-ce-site","status":"publish","type":"page","link":"http:\/\/energity.bzh\/index.php\/pourquoi-ce-site\/","title":{"rendered":"Pourquoi ce site ?"},"content":{"rendered":"<p><strong>F\u00e9vrier 2018<\/strong><br \/>\nEn Juin 2017 j&rsquo;ai cr\u00e9\u00e9 ce blog et <strong>j&rsquo;\u00e9tais encore relativement optimiste<\/strong> quant aux solutions \u00e0 mettre en \u0153uvre pour changer notre monde et faire en sorte que les g\u00e9n\u00e9rations \u00e0 venir puisse continuer \u00e0 vivre sereinement. Mais durant ces derniers mois et apr\u00e8s analyse je revois mes positions quant \u00e0 la probl\u00e9matique de l&rsquo;\u00e9nergie : <strong>la transition \u00e9nerg\u00e9tique vers les \u00e9nergies renouvelables (EnR) semble tr\u00e8s difficile \u00e0 mettre en \u0153uvre. Nous devons tous prendre conscience que l&rsquo;humanit\u00e9 court un risque \u00e0 tr\u00e8s court terme.<\/strong><\/p>\n<p>Depuis mon plus jeune \u00e2ge je me suis toujours inqui\u00e9t\u00e9 du d\u00e9s\u00e9quilibre que cr\u00e9\u00e9es nos soci\u00e9t\u00e9s humaines sur l\u2019environnement. J&rsquo;ai toujours \u00e9t\u00e9 conscient que <a href=\"http:\/\/energity.bzh\/index.php\/energie-et-humanite\/\">nos civilisations \u00e9taient d\u00e9pendantes de l&rsquo;approvisionnement en \u00e9nergie<\/a> et je pensais que la transition vers les EnR \u00e9tait la voie qui permettrait de r\u00e9\u00e9quilibrer notre civilisation.<\/p>\n<p>Mais courant 2017 et 2018 apr\u00e8s avoir (s\u00e9rieusement) \u00e9tudier diff\u00e9rentes donn\u00e9es dont celles entres autres synth\u00e9tis\u00e9es par <strong><a href=\"http:\/\/energity.bzh\/index.php\/2018\/01\/23\/a-quand-la-rupture-energetique\/\">Jean-Marc JANCOVICI<\/a><\/strong> je constate avec stupeur que l&rsquo;\u00e9tat de notre environnement est en 2018 pire que je ne l&rsquo;avait imagin\u00e9 : <strong>nous sommes dans une situation catastrophique<\/strong>. <strong>L&rsquo;humanit\u00e9 est en danger<\/strong> : si nous n&rsquo;agissons pas fortement et efficacement d\u00e8s maintenant nous risquons de mani\u00e8re fort probable <strong>un effondrement dans les dizaines d&rsquo;ann\u00e9es \u00e0 venir : 2050 ? dont le d\u00e9but serait 2020 ? (2008 \u00e9tant d\u00e9j\u00e0 une amorce)<\/strong><\/p>\n<p><strong>Effondrement, comment ?<\/strong><br \/>\nPar exemple la population mondiale entre <strong>2040<\/strong> et <strong>2070 <\/strong>passe de <strong>9 milliards d&rsquo;habitants <\/strong>\u00e0 <strong>4 ou 3 ou 2 milliards ou moins <\/strong>en l&rsquo;espace de<strong> 50 ou 100 ans<\/strong>.<br \/>\nDe grandes souffrances caus\u00e9es par :<br \/>\n&#8211; par le <strong>r\u00e9chauffement climatique<\/strong> : famines, manque d&rsquo;eau potable, virus, maladies<br \/>\n&#8211; l&rsquo;effondrement du syst\u00e8me financier engendrant l&rsquo;effondrement \u00e9conomique (crise financi\u00e8re imminente : 2018 ? 2019 ? 2020 ? 2021 ?)<br \/>\n&#8211; par une ou plusieurs ruptures \u00e9nerg\u00e9tiques : grandes pannes \u00e9lectriques qui paralysent des continents : Am\u00e9riques, Europe, Russie, Chine, &#8230; et\/ou de grandes difficult\u00e9s pour l&rsquo;Europe \u00e0 s&rsquo;approvisionner en p\u00e9trole, essence, gaz, charbon<br \/>\n&#8211; par r\u00e9gimes totalitaires, dictatures : emplois des armes nucl\u00e9aires ou attaques IEM (Impulsion ElectroMagn\u00e9tique), chimiques, gu\u00e9rillas<br \/>\n&#8211; par une puissante temp\u00eate solaire (blackout \u00e9lectrique d&rsquo;un ou plusieurs continents), ou l&rsquo;explosion d&rsquo;un supervolcan<\/p>\n<p>=&gt; un effondrement d\u00e9clench\u00e9 par une seule cause ci-dessus ou un m\u00e9lange de plusieurs causes qui s&rsquo;enchainent les unes \u00e0 la suite des autres<\/p>\n<p><strong>Catastrophisme ?<\/strong><br \/>\n<strong>En 2018<\/strong> la situation mondiale de nos \u00e9cosyst\u00e8mes est <strong>d\u00e9j\u00e0 catastrophique<\/strong><u> mais le syst\u00e8me n&rsquo;a pas encore cass\u00e9 : les risques sont extr\u00eames sur tous les facteurs : production agricole, sur les \u00e9cosyst\u00e8mes, sur la prolif\u00e9ration de virus et de bact\u00e9ries, \u00e9v\u00e9nements thermiques et l\u2019\u00e9l\u00e9vation des oc\u00e9ans, sur le ph de l\u2019eau (plus acide), sur la circulation oc\u00e9anique, l\u2019intensit\u00e9 des ouragans, sur les p\u00f4les et la fonte des glaces (entre 3 et 6 m\u00e8tres d\u2019eau en plus dans les oc\u00e9ans), etc\u2026<\/u><\/p>\n<p><u>En octobre 2018<\/u><\/p>\n<p><strong>Le Giec appelle \u00e0 des transformations \u00ab\u00a0sans pr\u00e9c\u00e9dent\u00a0\u00bb pour limiter le r\u00e9chauffement climatique<\/strong><br \/>\n<u><a href=\"https:\/\/www.huffingtonpost.fr\/2018\/10\/07\/le-giec-appelle-a-des-transformations-sans-precedent-pour-limiter-le-rechauffement-climatique_a_23553769\/\">https:\/\/www.huffingtonpost.fr\/2018\/10\/07\/le-giec-appelle-a-des-transformations-sans-precedent-pour-limiter-le-rechauffement-climatique_a_23553769\/<\/a><\/u><\/p>\n<p><u>En mars 2018<\/u><\/p>\n<p><strong>Le d\u00e9clin massif de la biodiversit\u00e9 menace l\u2019humanit\u00e9<\/strong><br \/>\n<u><a href=\"http:\/\/www.lemonde.fr\/planete\/article\/2018\/03\/23\/sur-tous-les-continents-la-nature-et-le-bien-etre-humain-sont-en-danger_5275433_3244.html\" target=\"_blank\" rel=\"noopener noreferrer\">http:\/\/www.lemonde.fr\/planete\/article\/2018\/03\/23\/sur-tous-les-continents-la-nature-et-le-bien-etre-humain-sont-en-danger_5275433_3244.html<\/a><\/u><\/p>\n<p><u>En novembre 2017<\/u><\/p>\n<p><strong>15.000 scientifiques tirent la sonnette d\u2019alarme sur l\u2019\u00e9tat de la plan\u00e8te<\/strong><br \/>\n<a href=\"https:\/\/www.sciencesetavenir.fr\/nature-environnement\/15-000-scientifiques-tirent-la-sonnette-d-alarme-sur-l-etat-de-la-planete_118278\" target=\"_blank\" rel=\"noopener noreferrer\" data-saferedirecturl=\"https:\/\/www.google.com\/url?hl=fr&amp;q=https:\/\/www.sciencesetavenir.fr\/nature-environnement\/15-000-scientifiques-tirent-la-sonnette-d-alarme-sur-l-etat-de-la-planete_118278&amp;source=gmail&amp;ust=1519061754955000&amp;usg=AFQjCNHi4_FApTYnmoFogn06Y6lPezILDg\">https:\/\/www.sciencesetavenir.<\/a><wbr \/><a href=\"https:\/\/www.sciencesetavenir.fr\/nature-environnement\/15-000-scientifiques-tirent-la-sonnette-d-alarme-sur-l-etat-de-la-planete_118278\" target=\"_blank\" rel=\"noopener noreferrer\" data-saferedirecturl=\"https:\/\/www.google.com\/url?hl=fr&amp;q=https:\/\/www.sciencesetavenir.fr\/nature-environnement\/15-000-scientifiques-tirent-la-sonnette-d-alarme-sur-l-etat-de-la-planete_118278&amp;source=gmail&amp;ust=1519061754955000&amp;usg=AFQjCNHi4_FApTYnmoFogn06Y6lPezILDg\">fr\/nature-environnement\/15-<\/a><wbr \/><a href=\"https:\/\/www.sciencesetavenir.fr\/nature-environnement\/15-000-scientifiques-tirent-la-sonnette-d-alarme-sur-l-etat-de-la-planete_118278\" target=\"_blank\" rel=\"noopener noreferrer\" data-saferedirecturl=\"https:\/\/www.google.com\/url?hl=fr&amp;q=https:\/\/www.sciencesetavenir.fr\/nature-environnement\/15-000-scientifiques-tirent-la-sonnette-d-alarme-sur-l-etat-de-la-planete_118278&amp;source=gmail&amp;ust=1519061754955000&amp;usg=AFQjCNHi4_FApTYnmoFogn06Y6lPezILDg\">000-scientifiques-tirent-la-<\/a><wbr \/><a href=\"https:\/\/www.sciencesetavenir.fr\/nature-environnement\/15-000-scientifiques-tirent-la-sonnette-d-alarme-sur-l-etat-de-la-planete_118278\" target=\"_blank\" rel=\"noopener noreferrer\" data-saferedirecturl=\"https:\/\/www.google.com\/url?hl=fr&amp;q=https:\/\/www.sciencesetavenir.fr\/nature-environnement\/15-000-scientifiques-tirent-la-sonnette-d-alarme-sur-l-etat-de-la-planete_118278&amp;source=gmail&amp;ust=1519061754955000&amp;usg=AFQjCNHi4_FApTYnmoFogn06Y6lPezILDg\">sonnette-d-alarme-sur-l-etat-<\/a><wbr \/><a href=\"https:\/\/www.sciencesetavenir.fr\/nature-environnement\/15-000-scientifiques-tirent-la-sonnette-d-alarme-sur-l-etat-de-la-planete_118278\" target=\"_blank\" rel=\"noopener noreferrer\" data-saferedirecturl=\"https:\/\/www.google.com\/url?hl=fr&amp;q=https:\/\/www.sciencesetavenir.fr\/nature-environnement\/15-000-scientifiques-tirent-la-sonnette-d-alarme-sur-l-etat-de-la-planete_118278&amp;source=gmail&amp;ust=1519061754955000&amp;usg=AFQjCNHi4_FApTYnmoFogn06Y6lPezILDg\">de-la-planete_118278<\/a><\/p>\n<p><strong>Nous mettons en p\u00e9ril notre avenir\u00bb : 15.000 scientifiques alertent sur l\u2019\u00e9tat de la plan\u00e8te<\/strong><br \/>\n<a href=\"http:\/\/www.lefigaro.fr\/sciences\/2017\/11\/13\/01008-20171113ARTFIG00185-nous-mettons-en-peril-notre-avenir-15000-scientifiques-alertent-sur-l-etat-de-la-planete.php\" target=\"_blank\" rel=\"noopener noreferrer\" data-saferedirecturl=\"https:\/\/www.google.com\/url?hl=fr&amp;q=http:\/\/www.lefigaro.fr\/sciences\/2017\/11\/13\/01008-20171113ARTFIG00185-nous-mettons-en-peril-notre-avenir-15000-scientifiques-alertent-sur-l-etat-de-la-planete.php&amp;source=gmail&amp;ust=1519061754955000&amp;usg=AFQjCNEbAzcoRFxPoVb_k9TYLkMNlN9Ojg\">http:\/\/www.lefigaro.fr\/<\/a><wbr \/><a href=\"http:\/\/www.lefigaro.fr\/sciences\/2017\/11\/13\/01008-20171113ARTFIG00185-nous-mettons-en-peril-notre-avenir-15000-scientifiques-alertent-sur-l-etat-de-la-planete.php\" target=\"_blank\" rel=\"noopener noreferrer\" data-saferedirecturl=\"https:\/\/www.google.com\/url?hl=fr&amp;q=http:\/\/www.lefigaro.fr\/sciences\/2017\/11\/13\/01008-20171113ARTFIG00185-nous-mettons-en-peril-notre-avenir-15000-scientifiques-alertent-sur-l-etat-de-la-planete.php&amp;source=gmail&amp;ust=1519061754955000&amp;usg=AFQjCNEbAzcoRFxPoVb_k9TYLkMNlN9Ojg\">sciences\/2017\/11\/13\/01008-<\/a><wbr \/><a href=\"http:\/\/www.lefigaro.fr\/sciences\/2017\/11\/13\/01008-20171113ARTFIG00185-nous-mettons-en-peril-notre-avenir-15000-scientifiques-alertent-sur-l-etat-de-la-planete.php\" target=\"_blank\" rel=\"noopener noreferrer\" data-saferedirecturl=\"https:\/\/www.google.com\/url?hl=fr&amp;q=http:\/\/www.lefigaro.fr\/sciences\/2017\/11\/13\/01008-20171113ARTFIG00185-nous-mettons-en-peril-notre-avenir-15000-scientifiques-alertent-sur-l-etat-de-la-planete.php&amp;source=gmail&amp;ust=1519061754955000&amp;usg=AFQjCNEbAzcoRFxPoVb_k9TYLkMNlN9Ojg\">20171113ARTFIG00185-nous-<\/a><wbr \/><a href=\"http:\/\/www.lefigaro.fr\/sciences\/2017\/11\/13\/01008-20171113ARTFIG00185-nous-mettons-en-peril-notre-avenir-15000-scientifiques-alertent-sur-l-etat-de-la-planete.php\" target=\"_blank\" rel=\"noopener noreferrer\" data-saferedirecturl=\"https:\/\/www.google.com\/url?hl=fr&amp;q=http:\/\/www.lefigaro.fr\/sciences\/2017\/11\/13\/01008-20171113ARTFIG00185-nous-mettons-en-peril-notre-avenir-15000-scientifiques-alertent-sur-l-etat-de-la-planete.php&amp;source=gmail&amp;ust=1519061754955000&amp;usg=AFQjCNEbAzcoRFxPoVb_k9TYLkMNlN9Ojg\">mettons-en-peril-notre-avenir-<\/a><wbr \/><a href=\"http:\/\/www.lefigaro.fr\/sciences\/2017\/11\/13\/01008-20171113ARTFIG00185-nous-mettons-en-peril-notre-avenir-15000-scientifiques-alertent-sur-l-etat-de-la-planete.php\" target=\"_blank\" rel=\"noopener noreferrer\" data-saferedirecturl=\"https:\/\/www.google.com\/url?hl=fr&amp;q=http:\/\/www.lefigaro.fr\/sciences\/2017\/11\/13\/01008-20171113ARTFIG00185-nous-mettons-en-peril-notre-avenir-15000-scientifiques-alertent-sur-l-etat-de-la-planete.php&amp;source=gmail&amp;ust=1519061754955000&amp;usg=AFQjCNEbAzcoRFxPoVb_k9TYLkMNlN9Ojg\">15000-scientifiques-alertent-<\/a><wbr \/><a href=\"http:\/\/www.lefigaro.fr\/sciences\/2017\/11\/13\/01008-20171113ARTFIG00185-nous-mettons-en-peril-notre-avenir-15000-scientifiques-alertent-sur-l-etat-de-la-planete.php\" target=\"_blank\" rel=\"noopener noreferrer\" data-saferedirecturl=\"https:\/\/www.google.com\/url?hl=fr&amp;q=http:\/\/www.lefigaro.fr\/sciences\/2017\/11\/13\/01008-20171113ARTFIG00185-nous-mettons-en-peril-notre-avenir-15000-scientifiques-alertent-sur-l-etat-de-la-planete.php&amp;source=gmail&amp;ust=1519061754955000&amp;usg=AFQjCNEbAzcoRFxPoVb_k9TYLkMNlN9Ojg\">sur-l-etat-de-la-planete.php<\/a><\/p>\n<p><strong>Y-a-t-il des Solutions pour \u00e9viter la catastrophe d&rsquo;un effondrement ?<\/strong><\/p>\n<p>Oui mais nous devons imm\u00e9diatement <strong>d&rsquo;ici 2020 changer radicalement notre mode de vie !<\/strong><\/p>\n<p>Des mesures de ce types devraient \u00eatre d\u00e8s maintenant appliqu\u00e9es <u>pour l&rsquo;ensemble des habitants la plan\u00e8te<\/u> par exemple :<br \/>\n&#8211; ne plus utiliser de v\u00e9hicule personnel : ni diesel, ni essence, ni gaz, ni \u00e9lectrique<br \/>\n&#8211; se d\u00e9placer \u00e0 pied ou en v\u00e9lo ou en transport en commun<br \/>\n&#8211; consommer localement c&rsquo;est \u00e0 dire des produits qui ont \u00e9t\u00e9 fabriqu\u00e9s \u00e0 20 ou 30 km autour de chez soi<br \/>\n&#8211; consommer tr\u00e8s peu de viande, manger des produits de saison<br \/>\n&#8211; limiter les naissances \u00e0 un enfant par femme<br \/>\n&#8211; etc&#8230;<\/p>\n<p>Oui c&rsquo;est impossible \u00e0 faire du jour au lendemain !<\/p>\n<p><strong>Nous n&rsquo;avons pas le choix d&rsquo;aller rapidement vers une sobri\u00e9t\u00e9 mondiale.<br \/>\n<\/strong><\/p>\n<p>Cette sobri\u00e9t\u00e9 se fera quoi qu&rsquo;il arrive, elle se fera de gr\u00e9 : \u00ab\u00a0d\u00e9cisions humaines collectives\u00a0\u00bb ou de force : nous allons atteindre les limites physiques des ressources offertes par notre plan\u00e8te.<\/p>\n<p>Mais ce changement radical volontaire est impossible \u00e0 faire si chacun d&rsquo;entre nous n&rsquo;a pas conscience du danger imminent. Sans aucune actions imm\u00e9diates et fortes nous allons subir directement les cons\u00e9quences de notre inconscience et <strong>de notre exc\u00e8s d&rsquo;optimisme dans la nature humaine<\/strong> : le mythe du progr\u00e8s prendra un coup s\u00e9v\u00e8re ! Le syndrome du Titanic : \u00ab\u00a0Nous sommes tr\u00e8s intelligents, nous pouvons manger et danser tranquillement \u00e0 bord !\u00a0\u00bb<\/p>\n<p>Pour \u00ab\u00a0sauver\u00a0\u00bb le monde nous devons <strong>voir la r\u00e9alit\u00e9 en face<\/strong>. Or la majorit\u00e9 des citoyens, politiques, journalistes, \u00e9conomistes n&rsquo;ont pas compris la r\u00e9alit\u00e9 syst\u00e9mique et fragile de notre monde. Les 2 milliards de riches que nous sommes ne cherchent pas \u00e0 voir cette r\u00e9alit\u00e9 et pr\u00e9f\u00e8rent jouir de l&rsquo;abondance \u00e9nerg\u00e9tique de notre quotidien : auto, boulot, smartphone et dodo&#8230;.<\/p>\n<p>Je synth\u00e9tise dans ce blog les informations qui montrent le danger qui se dessine actuellement : <strong>pourquoi ce risque d&rsquo;effondrement est tr\u00e8s important. <\/strong>Et j&rsquo;esp\u00e8re \u00e9changer et rencontrer des personnes qui aimeraient agir pour mettre en place les solutions n\u00e9cessaire au changement . Avant tout ce changement doit s&rsquo;op\u00e9rer dans notre propre prise de conscience <strong>nous sommes tous responsables de cette situation<\/strong>.<\/p>\n<p><img decoding=\"async\" class=\"alignnone wp-image-169\" src=\"http:\/\/energity.bzh\/wp-content\/uploads\/2017\/05\/France-nuit-Nasa-300x169.jpg\" alt=\"\" width=\"600\" srcset=\"http:\/\/energity.bzh\/wp-content\/uploads\/2017\/05\/France-nuit-Nasa-300x169.jpg 300w, http:\/\/energity.bzh\/wp-content\/uploads\/2017\/05\/France-nuit-Nasa-768x432.jpg 768w, http:\/\/energity.bzh\/wp-content\/uploads\/2017\/05\/France-nuit-Nasa.jpg 1024w\" sizes=\"(max-width: 300px) 100vw, 300px\" \/><\/p>\n<p>Nos villes en Europe la nuit \u00e9clair\u00e9es par le nucl\u00e9aire, et les \u00e9nergies fossiles (charbon et gaz)<\/p>\n<p>Fabrice Guillou<br \/>\nfabrice (a) deltadia . com<\/p>\n","protected":false},"excerpt":{"rendered":"<p>F\u00e9vrier 2018 En Juin 2017 j&rsquo;ai cr\u00e9\u00e9 ce blog et j&rsquo;\u00e9tais encore relativement optimiste quant aux solutions \u00e0 mettre en \u0153uvre pour changer notre monde et faire en sorte que les g\u00e9n\u00e9rations \u00e0 venir puisse continuer \u00e0 vivre sereinement. Mais durant ces derniers mois et apr\u00e8s analyse je revois mes positions quant \u00e0 la probl\u00e9matique &#8230; <a title=\"Pourquoi ce site ?\" class=\"read-more\" href=\"http:\/\/energity.bzh\/index.php\/pourquoi-ce-site\/\" aria-label=\"En savoir plus sur Pourquoi ce site ?\">Lire la suite<\/a><\/p>\n","protected":false},"author":2,"featured_media":0,"parent":0,"menu_order":0,"comment_status":"closed","ping_status":"closed","template":"","meta":{"footnotes":""},"class_list":["post-85","page","type-page","status-publish"],"_links":{"self":[{"href":"http:\/\/energity.bzh\/index.php\/wp-json\/wp\/v2\/pages\/85","targetHints":{"allow":["GET"]}}],"collection":[{"href":"http:\/\/energity.bzh\/index.php\/wp-json\/wp\/v2\/pages"}],"about":[{"href":"http:\/\/energity.bzh\/index.php\/wp-json\/wp\/v2\/types\/page"}],"author":[{"embeddable":true,"href":"http:\/\/energity.bzh\/index.php\/wp-json\/wp\/v2\/users\/2"}],"replies":[{"embeddable":true,"href":"http:\/\/energity.bzh\/index.php\/wp-json\/wp\/v2\/comments?post=85"}],"version-history":[{"count":61,"href":"http:\/\/energity.bzh\/index.php\/wp-json\/wp\/v2\/pages\/85\/revisions"}],"predecessor-version":[{"id":1447,"href":"http:\/\/energity.bzh\/index.php\/wp-json\/wp\/v2\/pages\/85\/revisions\/1447"}],"wp:attachment":[{"href":"http:\/\/energity.bzh\/index.php\/wp-json\/wp\/v2\/media?parent=85"}],"curies":[{"name":"wp","href":"https:\/\/api.w.org\/{rel}","templated":true}]}}